{"id":2,"date":"2019-10-19T15:00:44","date_gmt":"2019-10-19T13:00:44","guid":{"rendered":"http:\/\/aequus31.fr\/blog\/?page_id=2"},"modified":"2026-05-05T15:48:28","modified_gmt":"2026-05-05T13:48:28","slug":"presentation","status":"publish","type":"page","link":"https:\/\/aequus.fr\/journaldebord\/","title":{"rendered":"Pr\u00e9sentation"},"content":{"rendered":"\n<h2 class=\"wp-block-heading\"><em><strong>Qui sommes-nous?<\/strong><\/em><\/h2>\n\n\n\n<blockquote class=\"wp-block-quote has-small-font-size is-layout-flow wp-block-quote-is-layout-flow\">\n<p class=\"has-text-align-left\" style=\"font-size:20px\"><em>\u00ab\u00a0Si franc qu\u2019on le suppose, le rire cache une arri\u00e8re-pens\u00e9e d\u2019entente, je dirais presque de complicit\u00e9, avec d\u2019autres rieurs, r\u00e9els ou imaginaires.\u00a0\u00bb <\/em><\/p>\n\n\n\n<figure class=\"wp-block-image aligncenter size-large is-resized\"><img loading=\"lazy\" decoding=\"async\" width=\"1024\" height=\"768\" src=\"https:\/\/aequus.fr\/journaldebord\/wp-content\/uploads\/IMG_3787-1024x768.jpeg\" alt=\"\" class=\"wp-image-5930\" style=\"width:532px;height:auto\" srcset=\"https:\/\/aequus.fr\/journaldebord\/wp-content\/uploads\/IMG_3787-1024x768.jpeg 1024w, https:\/\/aequus.fr\/journaldebord\/wp-content\/uploads\/IMG_3787-300x225.jpeg 300w, https:\/\/aequus.fr\/journaldebord\/wp-content\/uploads\/IMG_3787-768x576.jpeg 768w, https:\/\/aequus.fr\/journaldebord\/wp-content\/uploads\/IMG_3787-1536x1151.jpeg 1536w, https:\/\/aequus.fr\/journaldebord\/wp-content\/uploads\/IMG_3787-2048x1535.jpeg 2048w\" sizes=\"auto, (max-width: 1024px) 100vw, 1024px\" \/><\/figure>\n\n\n\n<p class=\"has-text-align-left has-small-font-size\"><em><br>Henri Bergson: Le rire, essai sur la signification du comique<\/em><\/p>\n<\/blockquote>\n\n\n\n<p class=\"has-text-align-center\" style=\"font-size:20px\">Domicili\u00e9s dans le Sud-Ouest, de la France, nous sommes un collectif de chevaux et leurs cavaliers, issus de divers horizons , comp\u00e9titeurs ou non.<br>Enjou\u00e9s et moqueurs, nous aimons rire de tout et de rien, nous traquons les perles et les comiques de situation pour vous les faire partager.<br>Mais par dessus tout nous aimons et respectons les animaux .<\/p>\n\n\n\n<p class=\"has-text-align-center has-small-font-size\"><em>Les situations sont toutes fictives, improbables ou rarement v\u00e9cues et dans des contextes toujours modifi\u00e9s.<br>Aussi, toute ressemblance avec des lieux, des personnes existantes ou ayant exist\u00e9 n\u2019est que pure co\u00efncidence.<\/em><sup data-fn=\"b6ccc53f-7829-4f27-8004-525d3dce1449\" class=\"fn\"><a href=\"#b6ccc53f-7829-4f27-8004-525d3dce1449\" id=\"b6ccc53f-7829-4f27-8004-525d3dce1449-link\">1<\/a><\/sup><\/p>\n\n\n\n<figure class=\"wp-block-gallery has-nested-images columns-default is-cropped wp-block-gallery-1 is-layout-flex wp-block-gallery-is-layout-flex\">\n<figure class=\"wp-block-image size-medium\"><img loading=\"lazy\" decoding=\"async\" width=\"300\" height=\"225\" data-id=\"5665\" src=\"https:\/\/aequus.fr\/journaldebord\/wp-content\/uploads\/IMG_3607-300x225.jpeg\" alt=\"\" class=\"wp-image-5665\" srcset=\"https:\/\/aequus.fr\/journaldebord\/wp-content\/uploads\/IMG_3607-300x225.jpeg 300w, https:\/\/aequus.fr\/journaldebord\/wp-content\/uploads\/IMG_3607-1024x768.jpeg 1024w, https:\/\/aequus.fr\/journaldebord\/wp-content\/uploads\/IMG_3607-768x576.jpeg 768w, https:\/\/aequus.fr\/journaldebord\/wp-content\/uploads\/IMG_3607-1536x1151.jpeg 1536w, https:\/\/aequus.fr\/journaldebord\/wp-content\/uploads\/IMG_3607-2048x1535.jpeg 2048w, https:\/\/aequus.fr\/journaldebord\/wp-content\/uploads\/IMG_3607-scaled.jpeg 1200w\" sizes=\"auto, (max-width: 300px) 100vw, 300px\" \/><\/figure>\n\n\n\n<figure class=\"wp-block-image size-medium\"><img loading=\"lazy\" decoding=\"async\" width=\"300\" height=\"225\" data-id=\"5815\" src=\"https:\/\/aequus.fr\/journaldebord\/wp-content\/uploads\/IMG_3781-300x225.jpeg\" alt=\"\" class=\"wp-image-5815\" srcset=\"https:\/\/aequus.fr\/journaldebord\/wp-content\/uploads\/IMG_3781-300x225.jpeg 300w, https:\/\/aequus.fr\/journaldebord\/wp-content\/uploads\/IMG_3781-1024x768.jpeg 1024w, https:\/\/aequus.fr\/journaldebord\/wp-content\/uploads\/IMG_3781-768x576.jpeg 768w, https:\/\/aequus.fr\/journaldebord\/wp-content\/uploads\/IMG_3781-1536x1151.jpeg 1536w, https:\/\/aequus.fr\/journaldebord\/wp-content\/uploads\/IMG_3781-2048x1535.jpeg 2048w, https:\/\/aequus.fr\/journaldebord\/wp-content\/uploads\/IMG_3781-scaled.jpeg 1200w\" sizes=\"auto, (max-width: 300px) 100vw, 300px\" \/><\/figure>\n\n\n\n<figure class=\"wp-block-image size-medium\"><img loading=\"lazy\" decoding=\"async\" width=\"300\" height=\"225\" data-id=\"5766\" src=\"https:\/\/aequus.fr\/journaldebord\/wp-content\/uploads\/IMG_3768-300x225.jpeg\" alt=\"\" class=\"wp-image-5766\" srcset=\"https:\/\/aequus.fr\/journaldebord\/wp-content\/uploads\/IMG_3768-300x225.jpeg 300w, https:\/\/aequus.fr\/journaldebord\/wp-content\/uploads\/IMG_3768-1024x768.jpeg 1024w, https:\/\/aequus.fr\/journaldebord\/wp-content\/uploads\/IMG_3768-768x576.jpeg 768w, https:\/\/aequus.fr\/journaldebord\/wp-content\/uploads\/IMG_3768-1536x1151.jpeg 1536w, https:\/\/aequus.fr\/journaldebord\/wp-content\/uploads\/IMG_3768-2048x1535.jpeg 2048w, https:\/\/aequus.fr\/journaldebord\/wp-content\/uploads\/IMG_3768-scaled.jpeg 1200w\" sizes=\"auto, (max-width: 300px) 100vw, 300px\" \/><\/figure>\n\n\n\n<figure class=\"wp-block-image size-medium\"><img loading=\"lazy\" decoding=\"async\" width=\"300\" height=\"225\" data-id=\"5979\" src=\"https:\/\/aequus.fr\/journaldebord\/wp-content\/uploads\/IMG_3866-300x225.jpeg\" alt=\"\" class=\"wp-image-5979\" srcset=\"https:\/\/aequus.fr\/journaldebord\/wp-content\/uploads\/IMG_3866-300x225.jpeg 300w, https:\/\/aequus.fr\/journaldebord\/wp-content\/uploads\/IMG_3866-1024x768.jpeg 1024w, https:\/\/aequus.fr\/journaldebord\/wp-content\/uploads\/IMG_3866-768x576.jpeg 768w, https:\/\/aequus.fr\/journaldebord\/wp-content\/uploads\/IMG_3866-1536x1151.jpeg 1536w, https:\/\/aequus.fr\/journaldebord\/wp-content\/uploads\/IMG_3866-2048x1535.jpeg 2048w\" sizes=\"auto, (max-width: 300px) 100vw, 300px\" \/><\/figure>\n\n\n\n<figure class=\"wp-block-image size-medium\"><img loading=\"lazy\" decoding=\"async\" width=\"300\" height=\"225\" data-id=\"5679\" src=\"https:\/\/aequus.fr\/journaldebord\/wp-content\/uploads\/IMG_3725-300x225.jpeg\" alt=\"\" class=\"wp-image-5679\" srcset=\"https:\/\/aequus.fr\/journaldebord\/wp-content\/uploads\/IMG_3725-300x225.jpeg 300w, https:\/\/aequus.fr\/journaldebord\/wp-content\/uploads\/IMG_3725-1024x768.jpeg 1024w, https:\/\/aequus.fr\/journaldebord\/wp-content\/uploads\/IMG_3725-768x576.jpeg 768w, https:\/\/aequus.fr\/journaldebord\/wp-content\/uploads\/IMG_3725-1536x1151.jpeg 1536w, https:\/\/aequus.fr\/journaldebord\/wp-content\/uploads\/IMG_3725-2048x1535.jpeg 2048w, https:\/\/aequus.fr\/journaldebord\/wp-content\/uploads\/IMG_3725-scaled.jpeg 1200w\" sizes=\"auto, (max-width: 300px) 100vw, 300px\" \/><\/figure>\n<\/figure>\n\n\n\n<p><\/p>\n\n\n\n<p><\/p>\n","protected":false},"excerpt":{"rendered":"<p>Qui sommes-nous? Domicili\u00e9s dans le Sud-Ouest, de la France, nous sommes un collectif de chevaux et leurs cavaliers, issus de [&hellip;]<\/p>\n","protected":false},"author":7,"featured_media":0,"parent":0,"menu_order":0,"comment_status":"closed","ping_status":"closed","template":"","meta":{"_acf_changed":false,"site-sidebar-layout":"right-sidebar","site-content-layout":"","ast-site-content-layout":"default","site-content-style":"default","site-sidebar-style":"default","ast-global-header-display":"","ast-banner-title-visibility":"","ast-main-header-display":"","ast-hfb-above-header-display":"","ast-hfb-below-header-display":"","ast-hfb-mobile-header-display":"","site-post-title":"","ast-breadcrumbs-content":"","ast-featured-img":"","footer-sml-layout":"","ast-disable-related-posts":"","theme-transparent-header-meta":"","adv-header-id-meta":"","stick-header-meta":"","header-above-stick-meta":"","header-main-stick-meta":"","header-below-stick-meta":"","astra-migrate-meta-layouts":"default","ast-page-background-enabled":"default","ast-page-background-meta":{"desktop":{"background-color":"var(--ast-global-color-4)","background-image":"","background-repeat":"repeat","background-position":"center center","background-size":"auto","background-attachment":"scroll","background-type":"","background-media":"","overlay-type":"","overlay-color":"","overlay-opacity":"","overlay-gradient":""},"tablet":{"background-color":"","background-image":"","background-repeat":"repeat","background-position":"center center","background-size":"auto","background-attachment":"scroll","background-type":"","background-media":"","overlay-type":"","overlay-color":"","overlay-opacity":"","overlay-gradient":""},"mobile":{"background-color":"","background-image":"","background-repeat":"repeat","background-position":"center center","background-size":"auto","background-attachment":"scroll","background-type":"","background-media":"","overlay-type":"","overlay-color":"","overlay-opacity":"","overlay-gradient":""}},"ast-content-background-meta":{"desktop":{"background-color":"var(--ast-global-color-5)","background-image":"","background-repeat":"repeat","background-position":"center center","background-size":"auto","background-attachment":"scroll","background-type":"","background-media":"","overlay-type":"","overlay-color":"","overlay-opacity":"","overlay-gradient":""},"tablet":{"background-color":"var(--ast-global-color-5)","background-image":"","background-repeat":"repeat","background-position":"center center","background-size":"auto","background-attachment":"scroll","background-type":"","background-media":"","overlay-type":"","overlay-color":"","overlay-opacity":"","overlay-gradient":""},"mobile":{"background-color":"var(--ast-global-color-5)","background-image":"","background-repeat":"repeat","background-position":"center center","background-size":"auto","background-attachment":"scroll","background-type":"","background-media":"","overlay-type":"","overlay-color":"","overlay-opacity":"","overlay-gradient":""}},"footnotes":"[{\"id\":\"b6ccc53f-7829-4f27-8004-525d3dce1449\",\"content\":\"\"}]"},"class_list":["post-2","page","type-page","status-publish","hentry"],"acf":[],"_links":{"self":[{"href":"https:\/\/aequus.fr\/journaldebord\/wp-json\/wp\/v2\/pages\/2","targetHints":{"allow":["GET"]}}],"collection":[{"href":"https:\/\/aequus.fr\/journaldebord\/wp-json\/wp\/v2\/pages"}],"about":[{"href":"https:\/\/aequus.fr\/journaldebord\/wp-json\/wp\/v2\/types\/page"}],"author":[{"embeddable":true,"href":"https:\/\/aequus.fr\/journaldebord\/wp-json\/wp\/v2\/users\/7"}],"replies":[{"embeddable":true,"href":"https:\/\/aequus.fr\/journaldebord\/wp-json\/wp\/v2\/comments?post=2"}],"version-history":[{"count":15,"href":"https:\/\/aequus.fr\/journaldebord\/wp-json\/wp\/v2\/pages\/2\/revisions"}],"predecessor-version":[{"id":6105,"href":"https:\/\/aequus.fr\/journaldebord\/wp-json\/wp\/v2\/pages\/2\/revisions\/6105"}],"wp:attachment":[{"href":"https:\/\/aequus.fr\/journaldebord\/wp-json\/wp\/v2\/media?parent=2"}],"curies":[{"name":"wp","href":"https:\/\/api.w.org\/{rel}","templated":true}]}}